{"id":5246,"date":"2022-06-20T08:34:50","date_gmt":"2022-06-20T08:34:50","guid":{"rendered":"https:\/\/7yrds-deconservice.com\/impressum"},"modified":"2025-10-07T08:30:15","modified_gmt":"2025-10-07T08:30:15","slug":"impressum","status":"publish","type":"page","link":"https:\/\/7yrds-deconservice.com\/nl\/impressum","title":{"rendered":"Impressum"},"content":{"rendered":"\n<h1  data-animation-delay=\"0\" data-animation-duration=\"0.8\">\n\t\t\tIMPRESSUM\t<\/h1>\n\t\t<h3>7YRDS Deconservice GmbH<\/h3>Von-Monschaw-Stra\u00dfe 12a | 47574 Goch<br \/>\nT \u00a0+ 49 441 361 9943 &#8211; 1<br \/>\nE \u00a0<a href=\"mailto:eckhardt@7yrds.com\">eckhardt@7yrds.com<\/a>\n\t\t<h4>VERTEGENWOORDIGD DOOR<\/h4><p>Michael Wernecke | Managing Director<\/p>\n\t\t<h3>Textilreinigung Eckhardt GmbH<\/h3>Bloherfelder Stra\u00dfe 229 | 26129 Oldenburg<br \/>\nT \u00a0+ 49 441 361 9943 &#8211; 1<br \/>\nE \u00a0<a href=\"mailto:eckhardt@7yrds.com\">eckhardt@7yrds.com<\/a>\n\t\t<h4>VERTEGENWOORDIGD DOOR<\/h4><p>Michael Wernecke | Managing Director<\/p>\n\t\t<h3>AANSPRAKELIJKHEID<\/h3><p>De op deze website beschikbare bijdragen zijn uitsluitend bedoeld ter algemene informatie en dienen niet als advies in specifieke gevallen. Wij stellen alles in het werk om ervoor te zorgen dat alle informatie en gegevens op de website correct en actueel zijn, overeenkomstig \u00a7 7 para. 1 TMG om te voorzien. Er wordt echter geen aansprakelijkheid aanvaard voor de juistheid, volledigheid, actualiteit of kwaliteit van de verstrekte informatie en gegevens overeenkomstig \u00a7 8 tot 10 TMG. Aansprakelijkheid voor de inhoud van de opvraagbare informatie is uitgesloten, tenzij er sprake is van opzettelijke of door grove nalatigheid veroorzaakte onjuiste informatie. Verplichtingen tot verwijdering of blokkering van het gebruik van informatie overeenkomstig de algemene wetgeving blijven hierdoor onaangetast. Aansprakelijkheid in dit verband is evenwel slechts mogelijk vanaf het tijdstip waarop kennis is verkregen van een concrete inbreuk. Indien wij kennis krijgen van dergelijke inbreuken, zullen wij deze inhoud onmiddellijk verwijderen.<\/p>\n\t\t<p>Door uw aanvraag per e-mail te verzenden, stemt u in met de verwerking van de door u verstrekte gegevens met het oog op de behandeling van uw aanvraag. Deze mededeling is van toepassing op alle verzoeken om inlichtingen die per e-mail aan ons worden gericht.<\/p>\n\t\t<h3>Copyright<\/h3><p>De door de exploitant van deze site gemaakte inhoud en werken op deze webpagina&#8217;s zijn onderworpen aan het Duitse auteursrecht. Alle bijdragen van derden zijn als zodanig gemarkeerd. Voor reproductie, bewerking, verspreiding en elke vorm van exploitatie buiten de grenzen van de auteurswetgeving is schriftelijke toestemming vereist. Kopie\u00ebn van deze pagina&#8217;s zijn alleen toegestaan voor priv\u00e9-gebruik, maar niet voor commerci\u00eble doeleinden. Wij willen u erop wijzen dat sommige afbeeldingen op onze website onderworpen kunnen zijn aan het auteursrecht van derden. Mocht u desondanks kennis krijgen van een inbreuk op het auteursrecht, dan verzoeken wij u ons daarvan in kennis te stellen. Indien wij kennis krijgen van inbreuken op de wet, zullen wij dergelijke inhoud onmiddellijk verwijderen. De afbeeldingen op onze pagina&#8217;s zijn afkomstig van onze eigen voorraad of van de online platforms <a href=\"http:\/\/shutterstock.com\" target=\"_blank\" rel=\"noopener\">shutterstock.com<\/a> en <a href=\"http:\/\/unsplash.com\" target=\"_blank\" rel=\"noopener\">unsplash.com<\/a>.<\/p>\n\t\t<h3>HANDELSMERKEN EN GEBRUIKSRECHTEN<\/h3><p>Tenzij anders aangegeven, zijn alle handelsmerken op deze website beschermd door het merkenrecht. Er wordt geen licentie voor het gebruik van het intellectuele eigendom verleend door deze website.<\/p>\n\t\t<h3>GEGEVENSBESCHERMING<\/h3><p>Uw gegevens worden alleen doorgegeven aan de provider &#8211; in overeenstemming met de wettelijke voorschriften inzake gegevensbescherming. Uw gegevens zullen niet zonder toestemming worden verkocht of doorgegeven aan derden.<\/p>\n\t\t<h4>Management 7YRDS Deconservice<\/h4>Michael Wernecke<br \/>\nRechtbank Kleve | HRB 13112<br \/>\nZetel van de vennootschap: Goch\n\t\t<h4>Management Textilreinigung ECKHARDT<\/h4>Michael Wernecke<br \/>\nOldenburg Lokaal Gerechtshof | Register Nr. 200010<br \/>\nZetel van de vennootschap: Oldenburg\n\n\t\t<h3>NIET-PERSOONLIJKE GEGEVENS<\/h3><p>Wanneer u onze websites bezoekt, wordt incidenteel automatisch (d.w.z. niet via registratie) informatie verzameld die niet aan een specifieke persoon kan worden toegewezen (bijv. gebruikte internetbrowser en besturingssysteem; domeinnaam van de website waar u vandaan komt; aantal bezoeken, gemiddelde tijd die op de site wordt doorgebracht, bekeken pagina&#8217;s). Wij gebruiken deze informatie om de aantrekkelijkheid van onze websites te bepalen en de inhoud ervan te verbeteren.<\/p>\n\t\t<h3>ONLINE GESCHILLENBESLECHTING<\/h3><p>De Europese Commissie biedt op <a href=\"https:\/\/ec.europa.eu\/consumers\/odr\/\" target=\"_blank\" rel=\"noopener\">https:\/\/ec.europa.eu\/consumers\/odr\/<\/a> een onlineplatform voor geschillenbeslechting aan dat consumenten kunnen gebruiken om een geschil op te lossen en waar meer informatie over geschillenbeslechting te vinden is.<\/p>\n\t\t<h3>BUITENGERECHTELIJKE GESCHILLENBESLECHTING<\/h3><p>Wij zijn niet verplicht of bereid deel te nemen aan geschillenbeslechtingsprocedures voor een arbitragecommissie voor consumentenzaken.<\/p>\n\t\t<h3>CONCEPT EN ONTWERP<\/h3>16 Meter GmbH<br \/>\nFull Service Agentur<br \/>\n40468 D\u00fcsseldorf<br \/>\n<a href=\"http:\/\/16meter.de\" target=\"_blank\" rel=\"noopener\">16meter.de<\/a>\n\t\t<h4>LOCATIE NRW<\/h4>7YRDS Deconservice GmbH<br \/>\nVon-Monschaw-Stra\u00dfe 12a | 47574 Goch<br \/>\nT \u00a0+ 49 441 361 9943 &#8211; 1<br \/>\nE\u00a0 <a href=\"mailto:eckhardt@7yrds.com\">eckhardt@7yrds.com<\/a>\n\t\t<h4>LOCATIE NIEDERSACHSEN<\/h4>Textilreinigung ECKHARDT GmbH<br \/>\nBloherfelder Stra\u00dfe 229 | 26129 Oldenburg<br \/>\nT + 49 441 361 9943 &#8211; 1<br \/>\nE\u00a0 <a href=\"mailto:eckhardt@7yrds.com\">eckhardt@7yrds.com<\/a>\n\t\t<h4>ANDERE<\/h4><p><a href=\"https:\/\/7yrds-deconservice.com\/nl\/rechtsgrondslag\">Rechtsgrondslag<\/a><\/p>\n<p><a href=\"https:\/\/7yrds-deconservice.com\/nl\/interviews\">Interviews<\/a><\/p>\n<p><a href=\"https:\/\/7yrds-deconservice.com\/nl\/agbs\">AGB&#8217;s<\/a><\/p>\n<p><a href=\"https:\/\/7yrds-deconservice.com\/nl\/impressum\">Impressum<\/a><\/p>\n<p><a href=\"https:\/\/7yrds-deconservice.com\/nl\/privacybeleid\">Privacybeleid<\/a><\/p>\n\t\t<h4>FOLLOW US<\/h4>\t\n\t<p>\u00a9 2025 7YRDS Deconservice en Textilreinigung ECKHARDT GmbH | Onderneming van de 7YRDS Groep | Alle rechten voorbehouden<\/p>\n\n","protected":false},"excerpt":{"rendered":"<p>IMPRESSUM 7YRDS Deconservice GmbH Von-Monschaw-Stra\u00dfe 12a | 47574 Goch T \u00a0+ 49 441 361 9943 &#8211; 1 E \u00a0eckhardt@7yrds.com VERTEGENWOORDIGD DOOR Michael Wernecke | Managing Director Textilreinigung Eckhardt GmbH Bloherfelder Stra\u00dfe 229 | 26129 Oldenburg T \u00a0+ 49 441 361 9943 &#8211; 1 E \u00a0eckhardt@7yrds.com VERTEGENWOORDIGD DOOR Michael Wernecke | Managing Director AANSPRAKELIJKHEID De op&hellip;<\/p>\n","protected":false},"author":2,"featured_media":5223,"parent":0,"menu_order":0,"comment_status":"closed","ping_status":"closed","template":"","meta":{"footnotes":""},"class_list":["post-5246","page","type-page","status-publish","has-post-thumbnail","hentry"],"yoast_head":"<!-- This site is optimized with the Yoast SEO plugin v25.8 - https:\/\/yoast.com\/wordpress\/plugins\/seo\/ -->\n<title>7YRDS Deconservice | Impressum<\/title>\n<meta name=\"description\" content=\"7YRDS Service GmbH &amp; Co. KG | Von-Monschaw-Strasse 12a | 47574 Goch | T + 49 2823 97 654 - 290 | deconservice@7yrds.com\" \/>\n<meta name=\"robots\" content=\"index, follow, max-snippet:-1, max-image-preview:large, max-video-preview:-1\" \/>\n<link rel=\"canonical\" href=\"https:\/\/7yrds-deconservice.com\/nl\/impressum\" \/>\n<meta property=\"og:locale\" content=\"nl_NL\" \/>\n<meta property=\"og:type\" content=\"article\" \/>\n<meta property=\"og:title\" content=\"7YRDS Deconservice | Impressum\" \/>\n<meta property=\"og:description\" content=\"7YRDS Service GmbH &amp; Co. KG | Von-Monschaw-Strasse 12a | 47574 Goch | T + 49 2823 97 654 - 290 | deconservice@7yrds.com\" \/>\n<meta property=\"og:url\" content=\"https:\/\/7yrds-deconservice.com\/nl\/impressum\" \/>\n<meta property=\"og:site_name\" content=\"7YRDS Deconservice | Textilreinigung ECKHARDT\" \/>\n<meta property=\"article:modified_time\" content=\"2025-10-07T08:30:15+00:00\" \/>\n<meta property=\"og:image\" content=\"https:\/\/7yrds-deconservice.com\/wp-content\/uploads\/2022\/06\/7yrds-deconservice-nachhaltig-oeko-strom-photovoltaik.jpg\" \/>\n\t<meta property=\"og:image:width\" content=\"2400\" \/>\n\t<meta property=\"og:image:height\" content=\"1800\" \/>\n\t<meta property=\"og:image:type\" content=\"image\/jpeg\" \/>\n<meta name=\"twitter:card\" content=\"summary_large_image\" \/>\n<meta name=\"twitter:label1\" content=\"Geschatte leestijd\" \/>\n\t<meta name=\"twitter:data1\" content=\"4 minuten\" \/>\n<script type=\"application\/ld+json\" class=\"yoast-schema-graph\">{\"@context\":\"https:\/\/schema.org\",\"@graph\":[{\"@type\":\"WebPage\",\"@id\":\"https:\/\/7yrds-deconservice.com\/nl\/impressum\",\"url\":\"https:\/\/7yrds-deconservice.com\/nl\/impressum\",\"name\":\"7YRDS Deconservice | Impressum\",\"isPartOf\":{\"@id\":\"https:\/\/7yrds-deconservice.com\/#website\"},\"primaryImageOfPage\":{\"@id\":\"https:\/\/7yrds-deconservice.com\/nl\/impressum#primaryimage\"},\"image\":{\"@id\":\"https:\/\/7yrds-deconservice.com\/nl\/impressum#primaryimage\"},\"thumbnailUrl\":\"https:\/\/7yrds-deconservice.com\/wp-content\/uploads\/2022\/06\/7yrds-deconservice-nachhaltig-oeko-strom-photovoltaik.jpg\",\"datePublished\":\"2022-06-20T08:34:50+00:00\",\"dateModified\":\"2025-10-07T08:30:15+00:00\",\"description\":\"7YRDS Service GmbH & Co. KG | Von-Monschaw-Strasse 12a | 47574 Goch | T + 49 2823 97 654 - 290 | deconservice@7yrds.com\",\"breadcrumb\":{\"@id\":\"https:\/\/7yrds-deconservice.com\/nl\/impressum#breadcrumb\"},\"inLanguage\":\"nl-NL\",\"potentialAction\":[{\"@type\":\"ReadAction\",\"target\":[\"https:\/\/7yrds-deconservice.com\/nl\/impressum\"]}]},{\"@type\":\"ImageObject\",\"inLanguage\":\"nl-NL\",\"@id\":\"https:\/\/7yrds-deconservice.com\/nl\/impressum#primaryimage\",\"url\":\"https:\/\/7yrds-deconservice.com\/wp-content\/uploads\/2022\/06\/7yrds-deconservice-nachhaltig-oeko-strom-photovoltaik.jpg\",\"contentUrl\":\"https:\/\/7yrds-deconservice.com\/wp-content\/uploads\/2022\/06\/7yrds-deconservice-nachhaltig-oeko-strom-photovoltaik.jpg\",\"width\":2400,\"height\":1800},{\"@type\":\"BreadcrumbList\",\"@id\":\"https:\/\/7yrds-deconservice.com\/nl\/impressum#breadcrumb\",\"itemListElement\":[{\"@type\":\"ListItem\",\"position\":1,\"name\":\"Startseite\",\"item\":\"https:\/\/7yrds-deconservice.com\/nl\"},{\"@type\":\"ListItem\",\"position\":2,\"name\":\"Impressum\"}]},{\"@type\":\"WebSite\",\"@id\":\"https:\/\/7yrds-deconservice.com\/#website\",\"url\":\"https:\/\/7yrds-deconservice.com\/\",\"name\":\"7YRDS Deconservice | Textilreinigung ECKHARDT\",\"description\":\"Die Dekontaminations-Profis\",\"potentialAction\":[{\"@type\":\"SearchAction\",\"target\":{\"@type\":\"EntryPoint\",\"urlTemplate\":\"https:\/\/7yrds-deconservice.com\/?s={search_term_string}\"},\"query-input\":{\"@type\":\"PropertyValueSpecification\",\"valueRequired\":true,\"valueName\":\"search_term_string\"}}],\"inLanguage\":\"nl-NL\"}]}<\/script>\n<!-- \/ Yoast SEO plugin. -->","yoast_head_json":{"title":"7YRDS Deconservice | Impressum","description":"7YRDS Service GmbH & Co. KG | Von-Monschaw-Strasse 12a | 47574 Goch | T + 49 2823 97 654 - 290 | deconservice@7yrds.com","robots":{"index":"index","follow":"follow","max-snippet":"max-snippet:-1","max-image-preview":"max-image-preview:large","max-video-preview":"max-video-preview:-1"},"canonical":"https:\/\/7yrds-deconservice.com\/nl\/impressum","og_locale":"nl_NL","og_type":"article","og_title":"7YRDS Deconservice | Impressum","og_description":"7YRDS Service GmbH & Co. KG | Von-Monschaw-Strasse 12a | 47574 Goch | T + 49 2823 97 654 - 290 | deconservice@7yrds.com","og_url":"https:\/\/7yrds-deconservice.com\/nl\/impressum","og_site_name":"7YRDS Deconservice | Textilreinigung ECKHARDT","article_modified_time":"2025-10-07T08:30:15+00:00","og_image":[{"width":2400,"height":1800,"url":"https:\/\/7yrds-deconservice.com\/wp-content\/uploads\/2022\/06\/7yrds-deconservice-nachhaltig-oeko-strom-photovoltaik.jpg","type":"image\/jpeg"}],"twitter_card":"summary_large_image","twitter_misc":{"Geschatte leestijd":"4 minuten"},"schema":{"@context":"https:\/\/schema.org","@graph":[{"@type":"WebPage","@id":"https:\/\/7yrds-deconservice.com\/nl\/impressum","url":"https:\/\/7yrds-deconservice.com\/nl\/impressum","name":"7YRDS Deconservice | Impressum","isPartOf":{"@id":"https:\/\/7yrds-deconservice.com\/#website"},"primaryImageOfPage":{"@id":"https:\/\/7yrds-deconservice.com\/nl\/impressum#primaryimage"},"image":{"@id":"https:\/\/7yrds-deconservice.com\/nl\/impressum#primaryimage"},"thumbnailUrl":"https:\/\/7yrds-deconservice.com\/wp-content\/uploads\/2022\/06\/7yrds-deconservice-nachhaltig-oeko-strom-photovoltaik.jpg","datePublished":"2022-06-20T08:34:50+00:00","dateModified":"2025-10-07T08:30:15+00:00","description":"7YRDS Service GmbH & Co. KG | Von-Monschaw-Strasse 12a | 47574 Goch | T + 49 2823 97 654 - 290 | deconservice@7yrds.com","breadcrumb":{"@id":"https:\/\/7yrds-deconservice.com\/nl\/impressum#breadcrumb"},"inLanguage":"nl-NL","potentialAction":[{"@type":"ReadAction","target":["https:\/\/7yrds-deconservice.com\/nl\/impressum"]}]},{"@type":"ImageObject","inLanguage":"nl-NL","@id":"https:\/\/7yrds-deconservice.com\/nl\/impressum#primaryimage","url":"https:\/\/7yrds-deconservice.com\/wp-content\/uploads\/2022\/06\/7yrds-deconservice-nachhaltig-oeko-strom-photovoltaik.jpg","contentUrl":"https:\/\/7yrds-deconservice.com\/wp-content\/uploads\/2022\/06\/7yrds-deconservice-nachhaltig-oeko-strom-photovoltaik.jpg","width":2400,"height":1800},{"@type":"BreadcrumbList","@id":"https:\/\/7yrds-deconservice.com\/nl\/impressum#breadcrumb","itemListElement":[{"@type":"ListItem","position":1,"name":"Startseite","item":"https:\/\/7yrds-deconservice.com\/nl"},{"@type":"ListItem","position":2,"name":"Impressum"}]},{"@type":"WebSite","@id":"https:\/\/7yrds-deconservice.com\/#website","url":"https:\/\/7yrds-deconservice.com\/","name":"7YRDS Deconservice | Textilreinigung ECKHARDT","description":"Die Dekontaminations-Profis","potentialAction":[{"@type":"SearchAction","target":{"@type":"EntryPoint","urlTemplate":"https:\/\/7yrds-deconservice.com\/?s={search_term_string}"},"query-input":{"@type":"PropertyValueSpecification","valueRequired":true,"valueName":"search_term_string"}}],"inLanguage":"nl-NL"}]}},"_links":{"self":[{"href":"https:\/\/7yrds-deconservice.com\/nl\/wp-json\/wp\/v2\/pages\/5246","targetHints":{"allow":["GET"]}}],"collection":[{"href":"https:\/\/7yrds-deconservice.com\/nl\/wp-json\/wp\/v2\/pages"}],"about":[{"href":"https:\/\/7yrds-deconservice.com\/nl\/wp-json\/wp\/v2\/types\/page"}],"author":[{"embeddable":true,"href":"https:\/\/7yrds-deconservice.com\/nl\/wp-json\/wp\/v2\/users\/2"}],"replies":[{"embeddable":true,"href":"https:\/\/7yrds-deconservice.com\/nl\/wp-json\/wp\/v2\/comments?post=5246"}],"version-history":[{"count":4,"href":"https:\/\/7yrds-deconservice.com\/nl\/wp-json\/wp\/v2\/pages\/5246\/revisions"}],"predecessor-version":[{"id":38992,"href":"https:\/\/7yrds-deconservice.com\/nl\/wp-json\/wp\/v2\/pages\/5246\/revisions\/38992"}],"wp:featuredmedia":[{"embeddable":true,"href":"https:\/\/7yrds-deconservice.com\/nl\/wp-json\/wp\/v2\/media\/5223"}],"wp:attachment":[{"href":"https:\/\/7yrds-deconservice.com\/nl\/wp-json\/wp\/v2\/media?parent=5246"}],"curies":[{"name":"wp","href":"https:\/\/api.w.org\/{rel}","templated":true}]}}