{"id":38041,"date":"2023-04-02T12:43:05","date_gmt":"2023-04-02T12:43:05","guid":{"rendered":"https:\/\/7yrds-deconservice.com\/toepassingsgebieden"},"modified":"2023-04-20T13:25:32","modified_gmt":"2023-04-20T13:25:32","slug":"toepassingsgebieden","status":"publish","type":"page","link":"https:\/\/7yrds-deconservice.com\/nl\/toepassingsgebieden","title":{"rendered":"TOEPASSINGSGEBIEDEN"},"content":{"rendered":"\n<h2>\n\t\tTOEPASSINGSGEBIEDEN\n\t<\/h2>\n\t\t<h4>Beschermende kleding als drager en langdurig reservoir van infecties en verontreinigende stoffen<\/h4>\t\t\n\t\t\t<p>De beschermende kleding is bedoeld om de werknemers te beschermen tegen infecties en schadelijke stoffen. Het is een centraal onderdeel van tal van gezondheids- en veiligheidsvoorschri In het veld wordt de kleding regelmatig verontreinigd met schadelijke stoffen. Afhankelijk van het toepassingsgebied bestaan er verschillende voorschriften voor de voorbereiding (reiniging) en het onderhoud van persoonlijke beschermende kleding en ook, in ruimere zin, van alle beschermingsmiddelen. Het reinigen van beschermingsmiddelen die met schadelijke stoffen zijn besmet, wordt decontaminatie genoemd.<\/p>\n\t\t\t\t\n\t\t\t<p><strong>Decontaminatie is het verwijderen<\/strong> van een of meer <strong>gevaarlijke stoffen<\/strong> (bijvoorbeeld kankerverwekkende of mutagene stoffen) van een oppervlak en, als ze al zijn doorgedrongen, ook van de onderliggende lagen. Het reinigen van de beschermingsmiddelen moet gebeuren volgens de geldende wettelijke voorschriften en in overeenstemming met de fabrikantspecifieke certificeringen.<\/p>\n<p>Wij zijn gespecialiseerd in de reiniging en diepe decontaminatie van persoonlijke beschermingsmiddelen en garanderen de naleving van wettelijke voorschriften en fabrikantspecifieke certificeringen.<\/p>\n\t\t\t\t<img loading=\"lazy\" decoding=\"async\" src=\"https:\/\/7yrds-deconservice.com\/wp-content\/uploads\/2022\/06\/7yrds-deconservice-feuerwehr.jpg\" alt=\"7yrds-deconservice-brandweer\" itemprop=\"image\" height=\"683\" width=\"1024\" title=\"7yrds-deconservice-brandweer\" onerror=\"this.style.display='none'\"  \/>\n\t\t<h3>BRANDWEER EN REDDINGSDIENSTEN<\/h3>\t\t\n\t\t\t\t\t<a href=\"#\" id=\"fl-accordion--label-0\" tabindex=\"0\" aria-controls=\"fl-accordion--panel-0\">HET RISICO OP KANKER MINIMALISEREN<\/a>\n\t\t\t\t\t\t\t\t\t\t\t<a href=\"#\" id=\"fl-accordion--icon-0\" tabindex=\"0\" aria-controls=\"fl-accordion--panel-0\"><i>Expand<\/i><\/a>\n\t\t\t\t\t<p>Brandweerlieden hebben een verhoogd risico om kanker te krijgen. Ihre Schutzbekleidung h\u00e4lt gesundheitssch\u00e4dliche Stoffe zwar zu einem gewissen Ma\u00df fern, doch reichern sich bei herk\u00f6mmlicher Reinigung R\u00fcckst\u00e4nde dieser gesundheitsgef\u00e4hrdeten Stoffe in der Kleidung an. Dankzij de reinigingstechnologie van 7YRDS Deconservice en de Textilreinigung ECKHARDT met vloeibare CO<sub>2<\/sub> worden de beschermingsmiddelen effectief en materiaalvriendelijk ontsmet en worden alle gevaarlijke stoffen teruggebracht tot een niveau onder de detectiegrens. Hiermee wordt duidelijk voldaan aan alle wettelijke reinigingseisen.<\/p>\n\t\t\t\t<img loading=\"lazy\" decoding=\"async\" src=\"https:\/\/7yrds-deconservice.com\/wp-content\/uploads\/2022\/06\/7yrds-deconservice-einsatzkraefte-der-polizei-militaer.jpg\" alt=\"7yrds-deconservice-politiediensten-militairen\" itemprop=\"image\" height=\"800\" width=\"1200\" title=\"7yrds-deconservice-politiediensten-militairen\" onerror=\"this.style.display='none'\"  \/>\n\t\t<h3>Politie &amp; Militairen<\/h3>\t\t\n\t\t\t\t\t<a href=\"#\" id=\"fl-accordion--label-0\" tabindex=\"0\" aria-controls=\"fl-accordion--panel-0\">PREVENTIEVE BESCHERMING<\/a>\n\t\t\t\t\t\t\t\t\t\t\t<a href=\"#\" id=\"fl-accordion--icon-0\" tabindex=\"0\" aria-controls=\"fl-accordion--panel-0\"><i>Expand<\/i><\/a>\n\t\t\t\t\t<p>Politiemensen worden blootgesteld aan een grote verscheidenheid van gevaren en weersomstandigheden en hebben speciale bescherming nodig door middel van hun persoonlijke beschermingsmiddelen. Vanuit gezondheidsoogpunt kan deze beschermende uitrusting zelf een risico worden. Bijvoorbeeld, er is een ophoping van regelmatig kruitresten in beschermende vesten dumpen. Deze potentieel zeer kankerverwekkende residuen kunnen worden verwijderd tot een niveau onder de detectiegrens door de innovatieve reinigingstechnologie die wij gebruiken met vloeibare CO<sub>2<\/sub>, zonder de functionaliteit van de beschermingsmiddelen aan te tasten.<\/p>\n\t\t\t\t<img loading=\"lazy\" decoding=\"async\" src=\"https:\/\/7yrds-deconservice.com\/wp-content\/uploads\/2022\/06\/7yrds-deconservice-medizin.jpg\" alt=\"7yrds-deconservice-geneeskunde\" itemprop=\"image\" height=\"1273\" width=\"1200\" title=\"7yrds-deconservice-geneeskunde\" onerror=\"this.style.display='none'\"  \/>\n\t\t<h3>Geneeskunde<\/h3>\t\t\n\t\t\t\t\t<a href=\"#\" id=\"fl-accordion--label-0\" tabindex=\"0\" aria-controls=\"fl-accordion--panel-0\">OPTIMALE BESCHERMING TEGEN INFECTIES<\/a>\n\t\t\t\t\t\t\t\t\t\t\t<a href=\"#\" id=\"fl-accordion--icon-0\" tabindex=\"0\" aria-controls=\"fl-accordion--panel-0\"><i>Expand<\/i><\/a>\n\t\t\t\t\t<p>Het dagelijkse werk in de medische sector stelt bijzondere eisen aan de beschermende kleding, die de werknemers beschermt tegen infecties en een elementair onderdeel vormt van de hygi\u00ebnevoorschriften. Met onze innovatieve reinigingstechnologie met vloeibare CO<sub>2<\/sub> worden alle biologische, chemische en fysische gevaarlijke stoffen op een doeltreffende en milieuvriendelijke manier van beschermende kleding verwijderd. Het zorgt ook voor de eliminatie van schimmel, transpiratie, chemische deeltjes en de vernietiging van ziekteverwekkers (zoals bacteri\u00ebn en virussen) en andere micro-organismen als geen ander wasproces. Ons wasproces voldoet dus aan alle wettelijke hygi\u00ebnevoorschriften.<\/p>\n\t\t\t\t<img loading=\"lazy\" decoding=\"async\" src=\"https:\/\/7yrds-deconservice.com\/wp-content\/uploads\/2022\/06\/7yrds-deconservice-sicherheit.jpeg\" alt=\"7yrds-deconservice-veiligheid\" itemprop=\"image\" height=\"673\" width=\"1200\" title=\"7yrds-deconservice-veiligheid\" onerror=\"this.style.display='none'\"  \/>\n\t\t<h3>BEVEILIGING<\/h3>\t\t\n\t\t\t\t\t<a href=\"#\" id=\"fl-accordion--label-0\" tabindex=\"0\" aria-controls=\"fl-accordion--panel-0\">MAXIMAAL WAARDEBEHOUD<\/a>\n\t\t\t\t\t\t\t\t\t\t\t<a href=\"#\" id=\"fl-accordion--icon-0\" tabindex=\"0\" aria-controls=\"fl-accordion--panel-0\"><i>Expand<\/i><\/a>\n\t\t\t\t\t<p>Persoonlijke beschermingsmiddelen vervullen ook talrijke functies voor veiligheidstroepen. Volgens EN ISO 20471 bijvoorbeeld is de waarschuwingsfunctie van beschermingsmiddelen door middel van hoge zichtbaarheid sinds 2013 verplicht. De noodzakelijke zichtbaarheid van de beschermende kleding wordt ernstig belemmerd door vervuiling of beschadiging. Door het gebruik van innovatieve reinigingstechnologie met vloeibare CO<sub>2\u00a0<\/sub>garanderen wij een uiterst zachte reiniging van de beschermingsmiddelen voor een optimaal behoud van de beschermende functies.<\/p>\n\t\t<h4>LOCATIE NRW<\/h4>\t\t\n\t\t\t7YRDS Deconservice GmbH<br \/>\nVon-Monschaw-Stra\u00dfe 12a | 47574 Goch<br \/>\nT \u00a0+ 49 2823 97 654 &#8211; 290<br \/>\nE \u00a0<a href=\"mailto:deconservice@7yrds.com\">deconservice@7yrds.com<\/a>\n\t\t<h4>LOCATIE NIEDERSACHSEN<\/h4>\t\t\n\t\t\tTextilreinigung ECKHARDT GmbH<br \/>\nBloherfelder Stra\u00dfe 229 | 26129 Oldenburg<br \/>\nT + 49 441 36 199 431<br \/>\nE\u00a0 <a href=\"mailto:info@textilreinigung-eckhardt.de\">info@textilreinigung-eckhardt.de<\/a>\n\t\t<h4>ANDERE<\/h4>\t\t\n\t\t\t<p><a href=\"https:\/\/7yrds-deconservice.com\/nl\/rechtsgrondslag\">Rechtsgrondslag<\/a><\/p>\n<p><a href=\"https:\/\/7yrds-deconservice.com\/nl\/interviews\">Interviews<\/a><\/p>\n<p><a href=\"https:\/\/7yrds-deconservice.com\/nl\/agbs\">AGB&#8217;s<\/a><\/p>\n<p><a href=\"https:\/\/7yrds-deconservice.com\/nl\/impressum\">Impressum<\/a><\/p>\n<p><a href=\"https:\/\/7yrds-deconservice.com\/nl\/privacybeleid\">Privacybeleid<\/a><\/p>\n\t\t<h4>FOLLOW US<\/h4>\t\t\n\t<p>\u00a9 2023 7YRDS Deconservice en Textilreinigung ECKHARDT GmbH | Onderneming van de 7YRDS Groep | Alle rechten voorbehouden<\/p>\n\n","protected":false},"excerpt":{"rendered":"<p>TOEPASSINGSGEBIEDEN Beschermende kleding als drager en langdurig reservoir van infecties en verontreinigende stoffen De beschermende kleding is bedoeld om de werknemers te beschermen tegen infecties en schadelijke stoffen. Het is een centraal onderdeel van tal van gezondheids- en veiligheidsvoorschri In het veld wordt de kleding regelmatig verontreinigd met schadelijke stoffen. Afhankelijk van het toepassingsgebied bestaan&hellip;<\/p>\n","protected":false},"author":2,"featured_media":37843,"parent":0,"menu_order":0,"comment_status":"closed","ping_status":"closed","template":"","meta":{"footnotes":""},"class_list":["post-38041","page","type-page","status-publish","has-post-thumbnail","hentry"],"yoast_head":"<!-- This site is optimized with the Yoast SEO plugin v25.8 - https:\/\/yoast.com\/wordpress\/plugins\/seo\/ -->\n<title>TOEPASSINGSGEBIEDEN - 7YRDS Deconservice | Textilreinigung ECKHARDT<\/title>\n<meta name=\"robots\" content=\"index, follow, max-snippet:-1, max-image-preview:large, max-video-preview:-1\" \/>\n<link rel=\"canonical\" href=\"https:\/\/7yrds-deconservice.com\/nl\/toepassingsgebieden\" \/>\n<meta property=\"og:locale\" content=\"nl_NL\" \/>\n<meta property=\"og:type\" content=\"article\" \/>\n<meta property=\"og:title\" content=\"TOEPASSINGSGEBIEDEN - 7YRDS Deconservice | Textilreinigung ECKHARDT\" \/>\n<meta property=\"og:description\" content=\"TOEPASSINGSGEBIEDEN Beschermende kleding als drager en langdurig reservoir van infecties en verontreinigende stoffen De beschermende kleding is bedoeld om de werknemers te beschermen tegen infecties en schadelijke stoffen. Het is een centraal onderdeel van tal van gezondheids- en veiligheidsvoorschri In het veld wordt de kleding regelmatig verontreinigd met schadelijke stoffen. Afhankelijk van het toepassingsgebied bestaan&hellip;\" \/>\n<meta property=\"og:url\" content=\"https:\/\/7yrds-deconservice.com\/nl\/toepassingsgebieden\" \/>\n<meta property=\"og:site_name\" content=\"7YRDS Deconservice | Textilreinigung ECKHARDT\" \/>\n<meta property=\"article:modified_time\" content=\"2023-04-20T13:25:32+00:00\" \/>\n<meta property=\"og:image\" content=\"https:\/\/7yrds-deconservice.com\/wp-content\/uploads\/2022\/06\/7yrds-deconservice-feuerwehr.jpg\" \/>\n<meta name=\"twitter:card\" content=\"summary_large_image\" \/>\n<meta name=\"twitter:label1\" content=\"Geschatte leestijd\" \/>\n\t<meta name=\"twitter:data1\" content=\"3 minuten\" \/>\n<script type=\"application\/ld+json\" class=\"yoast-schema-graph\">{\"@context\":\"https:\/\/schema.org\",\"@graph\":[{\"@type\":\"WebPage\",\"@id\":\"https:\/\/7yrds-deconservice.com\/nl\/toepassingsgebieden\",\"url\":\"https:\/\/7yrds-deconservice.com\/nl\/toepassingsgebieden\",\"name\":\"TOEPASSINGSGEBIEDEN - 7YRDS Deconservice | Textilreinigung ECKHARDT\",\"isPartOf\":{\"@id\":\"https:\/\/7yrds-deconservice.com\/#website\"},\"primaryImageOfPage\":{\"@id\":\"https:\/\/7yrds-deconservice.com\/nl\/toepassingsgebieden#primaryimage\"},\"image\":{\"@id\":\"https:\/\/7yrds-deconservice.com\/nl\/toepassingsgebieden#primaryimage\"},\"thumbnailUrl\":\"https:\/\/7yrds-deconservice.com\/wp-content\/uploads\/2023\/03\/trainingbaseweeze-rettungkraefte-bergen.jpg\",\"datePublished\":\"2023-04-02T12:43:05+00:00\",\"dateModified\":\"2023-04-20T13:25:32+00:00\",\"breadcrumb\":{\"@id\":\"https:\/\/7yrds-deconservice.com\/nl\/toepassingsgebieden#breadcrumb\"},\"inLanguage\":\"nl-NL\",\"potentialAction\":[{\"@type\":\"ReadAction\",\"target\":[\"https:\/\/7yrds-deconservice.com\/nl\/toepassingsgebieden\"]}]},{\"@type\":\"ImageObject\",\"inLanguage\":\"nl-NL\",\"@id\":\"https:\/\/7yrds-deconservice.com\/nl\/toepassingsgebieden#primaryimage\",\"url\":\"https:\/\/7yrds-deconservice.com\/wp-content\/uploads\/2023\/03\/trainingbaseweeze-rettungkraefte-bergen.jpg\",\"contentUrl\":\"https:\/\/7yrds-deconservice.com\/wp-content\/uploads\/2023\/03\/trainingbaseweeze-rettungkraefte-bergen.jpg\",\"width\":2400,\"height\":1600},{\"@type\":\"BreadcrumbList\",\"@id\":\"https:\/\/7yrds-deconservice.com\/nl\/toepassingsgebieden#breadcrumb\",\"itemListElement\":[{\"@type\":\"ListItem\",\"position\":1,\"name\":\"Startseite\",\"item\":\"https:\/\/7yrds-deconservice.com\/nl\"},{\"@type\":\"ListItem\",\"position\":2,\"name\":\"TOEPASSINGSGEBIEDEN\"}]},{\"@type\":\"WebSite\",\"@id\":\"https:\/\/7yrds-deconservice.com\/#website\",\"url\":\"https:\/\/7yrds-deconservice.com\/\",\"name\":\"7YRDS Deconservice | Textilreinigung ECKHARDT\",\"description\":\"Die Dekontaminations-Profis\",\"potentialAction\":[{\"@type\":\"SearchAction\",\"target\":{\"@type\":\"EntryPoint\",\"urlTemplate\":\"https:\/\/7yrds-deconservice.com\/?s={search_term_string}\"},\"query-input\":{\"@type\":\"PropertyValueSpecification\",\"valueRequired\":true,\"valueName\":\"search_term_string\"}}],\"inLanguage\":\"nl-NL\"}]}<\/script>\n<!-- \/ Yoast SEO plugin. -->","yoast_head_json":{"title":"TOEPASSINGSGEBIEDEN - 7YRDS Deconservice | Textilreinigung ECKHARDT","robots":{"index":"index","follow":"follow","max-snippet":"max-snippet:-1","max-image-preview":"max-image-preview:large","max-video-preview":"max-video-preview:-1"},"canonical":"https:\/\/7yrds-deconservice.com\/nl\/toepassingsgebieden","og_locale":"nl_NL","og_type":"article","og_title":"TOEPASSINGSGEBIEDEN - 7YRDS Deconservice | Textilreinigung ECKHARDT","og_description":"TOEPASSINGSGEBIEDEN Beschermende kleding als drager en langdurig reservoir van infecties en verontreinigende stoffen De beschermende kleding is bedoeld om de werknemers te beschermen tegen infecties en schadelijke stoffen. Het is een centraal onderdeel van tal van gezondheids- en veiligheidsvoorschri In het veld wordt de kleding regelmatig verontreinigd met schadelijke stoffen. Afhankelijk van het toepassingsgebied bestaan&hellip;","og_url":"https:\/\/7yrds-deconservice.com\/nl\/toepassingsgebieden","og_site_name":"7YRDS Deconservice | Textilreinigung ECKHARDT","article_modified_time":"2023-04-20T13:25:32+00:00","og_image":[{"url":"https:\/\/7yrds-deconservice.com\/wp-content\/uploads\/2022\/06\/7yrds-deconservice-feuerwehr.jpg","type":"","width":"","height":""}],"twitter_card":"summary_large_image","twitter_misc":{"Geschatte leestijd":"3 minuten"},"schema":{"@context":"https:\/\/schema.org","@graph":[{"@type":"WebPage","@id":"https:\/\/7yrds-deconservice.com\/nl\/toepassingsgebieden","url":"https:\/\/7yrds-deconservice.com\/nl\/toepassingsgebieden","name":"TOEPASSINGSGEBIEDEN - 7YRDS Deconservice | Textilreinigung ECKHARDT","isPartOf":{"@id":"https:\/\/7yrds-deconservice.com\/#website"},"primaryImageOfPage":{"@id":"https:\/\/7yrds-deconservice.com\/nl\/toepassingsgebieden#primaryimage"},"image":{"@id":"https:\/\/7yrds-deconservice.com\/nl\/toepassingsgebieden#primaryimage"},"thumbnailUrl":"https:\/\/7yrds-deconservice.com\/wp-content\/uploads\/2023\/03\/trainingbaseweeze-rettungkraefte-bergen.jpg","datePublished":"2023-04-02T12:43:05+00:00","dateModified":"2023-04-20T13:25:32+00:00","breadcrumb":{"@id":"https:\/\/7yrds-deconservice.com\/nl\/toepassingsgebieden#breadcrumb"},"inLanguage":"nl-NL","potentialAction":[{"@type":"ReadAction","target":["https:\/\/7yrds-deconservice.com\/nl\/toepassingsgebieden"]}]},{"@type":"ImageObject","inLanguage":"nl-NL","@id":"https:\/\/7yrds-deconservice.com\/nl\/toepassingsgebieden#primaryimage","url":"https:\/\/7yrds-deconservice.com\/wp-content\/uploads\/2023\/03\/trainingbaseweeze-rettungkraefte-bergen.jpg","contentUrl":"https:\/\/7yrds-deconservice.com\/wp-content\/uploads\/2023\/03\/trainingbaseweeze-rettungkraefte-bergen.jpg","width":2400,"height":1600},{"@type":"BreadcrumbList","@id":"https:\/\/7yrds-deconservice.com\/nl\/toepassingsgebieden#breadcrumb","itemListElement":[{"@type":"ListItem","position":1,"name":"Startseite","item":"https:\/\/7yrds-deconservice.com\/nl"},{"@type":"ListItem","position":2,"name":"TOEPASSINGSGEBIEDEN"}]},{"@type":"WebSite","@id":"https:\/\/7yrds-deconservice.com\/#website","url":"https:\/\/7yrds-deconservice.com\/","name":"7YRDS Deconservice | Textilreinigung ECKHARDT","description":"Die Dekontaminations-Profis","potentialAction":[{"@type":"SearchAction","target":{"@type":"EntryPoint","urlTemplate":"https:\/\/7yrds-deconservice.com\/?s={search_term_string}"},"query-input":{"@type":"PropertyValueSpecification","valueRequired":true,"valueName":"search_term_string"}}],"inLanguage":"nl-NL"}]}},"_links":{"self":[{"href":"https:\/\/7yrds-deconservice.com\/nl\/wp-json\/wp\/v2\/pages\/38041","targetHints":{"allow":["GET"]}}],"collection":[{"href":"https:\/\/7yrds-deconservice.com\/nl\/wp-json\/wp\/v2\/pages"}],"about":[{"href":"https:\/\/7yrds-deconservice.com\/nl\/wp-json\/wp\/v2\/types\/page"}],"author":[{"embeddable":true,"href":"https:\/\/7yrds-deconservice.com\/nl\/wp-json\/wp\/v2\/users\/2"}],"replies":[{"embeddable":true,"href":"https:\/\/7yrds-deconservice.com\/nl\/wp-json\/wp\/v2\/comments?post=38041"}],"version-history":[{"count":0,"href":"https:\/\/7yrds-deconservice.com\/nl\/wp-json\/wp\/v2\/pages\/38041\/revisions"}],"wp:featuredmedia":[{"embeddable":true,"href":"https:\/\/7yrds-deconservice.com\/nl\/wp-json\/wp\/v2\/media\/37843"}],"wp:attachment":[{"href":"https:\/\/7yrds-deconservice.com\/nl\/wp-json\/wp\/v2\/media?parent=38041"}],"curies":[{"name":"wp","href":"https:\/\/api.w.org\/{rel}","templated":true}]}}